{"id":34,"date":"2025-04-12T15:38:04","date_gmt":"2025-04-12T15:38:04","guid":{"rendered":"https:\/\/tabola.contact\/ueber\/"},"modified":"2025-07-25T18:47:55","modified_gmt":"2025-07-25T18:47:55","slug":"ueber","status":"publish","type":"page","link":"https:\/\/sarahtabola.com\/en\/ueber\/","title":{"rendered":"About Me"},"content":{"rendered":"<div data-elementor-type=\"wp-page\" data-elementor-id=\"34\" class=\"elementor elementor-34\" data-elementor-post-type=\"page\">\n\t\t\t\t<div class=\"elementor-element elementor-element-c57a3fb e-flex e-con-boxed e-con e-parent\" data-id=\"c57a3fb\" data-element_type=\"container\" data-e-type=\"container\">\n\t\t\t\t\t<div class=\"e-con-inner\">\n\t\t\t\t<div class=\"elementor-element elementor-element-d2b05b4 elementor-widget elementor-widget-spacer\" data-id=\"d2b05b4\" data-element_type=\"widget\" data-e-type=\"widget\" data-widget_type=\"spacer.default\">\n\t\t\t\t<div class=\"elementor-widget-container\">\n\t\t\t\t\t\t\t<div class=\"elementor-spacer\">\n\t\t\t<div class=\"elementor-spacer-inner\"><\/div>\n\t\t<\/div>\n\t\t\t\t\t\t<\/div>\n\t\t\t\t<\/div>\n\t\t\t\t<div class=\"elementor-element elementor-element-5c10002 elementor-widget elementor-widget-menu-anchor\" data-id=\"5c10002\" data-element_type=\"widget\" data-e-type=\"widget\" data-widget_type=\"menu-anchor.default\">\n\t\t\t\t<div class=\"elementor-widget-container\">\n\t\t\t\t\t\t\t<div class=\"elementor-menu-anchor\" id=\"ber-mich-seitenanfang\"><\/div>\n\t\t\t\t\t\t<\/div>\n\t\t\t\t<\/div>\n\t\t\t\t<div class=\"elementor-element elementor-element-452f02a elementor-widget elementor-widget-heading\" data-id=\"452f02a\" data-element_type=\"widget\" data-e-type=\"widget\" data-widget_type=\"heading.default\">\n\t\t\t\t<div class=\"elementor-widget-container\">\n\t\t\t\t\t<h1 class=\"elementor-heading-title elementor-size-default\">Hello, beautiful soul!<\/h1>\t\t\t\t<\/div>\n\t\t\t\t<\/div>\n\t\t\t\t<div class=\"elementor-element elementor-element-f98d9c4 elementor-widget__width-initial elementor-widget elementor-widget-spacer\" data-id=\"f98d9c4\" data-element_type=\"widget\" data-e-type=\"widget\" data-widget_type=\"spacer.default\">\n\t\t\t\t<div class=\"elementor-widget-container\">\n\t\t\t\t\t\t\t<div class=\"elementor-spacer\">\n\t\t\t<div class=\"elementor-spacer-inner\"><\/div>\n\t\t<\/div>\n\t\t\t\t\t\t<\/div>\n\t\t\t\t<\/div>\n\t\t\t\t\t<\/div>\n\t\t\t\t<\/div>\n\t\t<div class=\"elementor-element elementor-element-2e70008 e-flex e-con-boxed e-con e-parent\" data-id=\"2e70008\" data-element_type=\"container\" data-e-type=\"container\">\n\t\t\t\t\t<div class=\"e-con-inner\">\n\t\t<div class=\"elementor-element elementor-element-02548ff e-con-full e-flex e-con e-child\" data-id=\"02548ff\" data-element_type=\"container\" data-e-type=\"container\">\n\t\t\t\t<div class=\"elementor-element elementor-element-f572904 elementor-widget elementor-widget-image\" data-id=\"f572904\" data-element_type=\"widget\" data-e-type=\"widget\" data-widget_type=\"image.default\">\n\t\t\t\t<div class=\"elementor-widget-container\">\n\t\t\t\t\t\t\t\t\t\t\t\t\t\t\t<img fetchpriority=\"high\" decoding=\"async\" width=\"683\" height=\"1024\" src=\"https:\/\/sarahtabola.com\/wp-content\/uploads\/2025\/07\/tabola-coaching-channeling-sarah-und-aurelie-683x1024.jpg\" class=\"attachment-large size-large wp-image-792\" alt=\"Sarah und Aur\u00e9lie\" srcset=\"https:\/\/sarahtabola.com\/wp-content\/uploads\/2025\/07\/tabola-coaching-channeling-sarah-und-aurelie-683x1024.jpg 683w, https:\/\/sarahtabola.com\/wp-content\/uploads\/2025\/07\/tabola-coaching-channeling-sarah-und-aurelie-200x300.jpg 200w, https:\/\/sarahtabola.com\/wp-content\/uploads\/2025\/07\/tabola-coaching-channeling-sarah-und-aurelie-768x1152.jpg 768w, https:\/\/sarahtabola.com\/wp-content\/uploads\/2025\/07\/tabola-coaching-channeling-sarah-und-aurelie-1024x1536.jpg 1024w, https:\/\/sarahtabola.com\/wp-content\/uploads\/2025\/07\/tabola-coaching-channeling-sarah-und-aurelie.jpg 1067w\" sizes=\"(max-width: 683px) 100vw, 683px\" \/>\t\t\t\t\t\t\t\t\t\t\t\t\t\t\t<\/div>\n\t\t\t\t<\/div>\n\t\t\t\t<\/div>\n\t\t<div class=\"elementor-element elementor-element-8d74764 e-con-full e-flex e-con e-child\" data-id=\"8d74764\" data-element_type=\"container\" data-e-type=\"container\">\n\t\t\t\t<div class=\"elementor-element elementor-element-6648595 elementor-widget elementor-widget-spacer\" data-id=\"6648595\" data-element_type=\"widget\" data-e-type=\"widget\" data-widget_type=\"spacer.default\">\n\t\t\t\t<div class=\"elementor-widget-container\">\n\t\t\t\t\t\t\t<div class=\"elementor-spacer\">\n\t\t\t<div class=\"elementor-spacer-inner\"><\/div>\n\t\t<\/div>\n\t\t\t\t\t\t<\/div>\n\t\t\t\t<\/div>\n\t\t\t\t<div class=\"elementor-element elementor-element-45bb6d8 elementor-widget elementor-widget-text-editor\" data-id=\"45bb6d8\" data-element_type=\"widget\" data-e-type=\"widget\" data-widget_type=\"text-editor.default\">\n\t\t\t\t<div class=\"elementor-widget-container\">\n\t\t\t\t\t\t\t\t\t<h2>In the end, it's always about healing. About feeling WHOLE again.<\/h2><p>A well-lived life is one that gently leads you back to this feeling\u2014of being at peace with yourself. \nA quiet, steady joy. \nFeeling full of everything that is. \nSafe within yourself.<\/p>\t\t\t\t\t\t\t\t<\/div>\n\t\t\t\t<\/div>\n\t\t\t\t<div class=\"elementor-element elementor-element-1b894c3 elementor-widget elementor-widget-spacer\" data-id=\"1b894c3\" data-element_type=\"widget\" data-e-type=\"widget\" data-widget_type=\"spacer.default\">\n\t\t\t\t<div class=\"elementor-widget-container\">\n\t\t\t\t\t\t\t<div class=\"elementor-spacer\">\n\t\t\t<div class=\"elementor-spacer-inner\"><\/div>\n\t\t<\/div>\n\t\t\t\t\t\t<\/div>\n\t\t\t\t<\/div>\n\t\t\t\t<div class=\"elementor-element elementor-element-0ca7916 elementor-widget elementor-widget-text-editor\" data-id=\"0ca7916\" data-element_type=\"widget\" data-e-type=\"widget\" data-widget_type=\"text-editor.default\">\n\t\t\t\t<div class=\"elementor-widget-container\">\n\t\t\t\t\t\t\t\t\t<h2>I'm Sarah \u2013 a medium, spiritual guide, and yoga teacher.<\/h2><p>And yes, I had to learn how to reconnect with that feeling of wholeness myself.\nMy path led me through intense personal experiences into a deep connection with nature and the spirit world. Looking back, I can say that my biggest challenges held the greatest potential for growth. As the saying goes:<\/p><p><strong>Sometimes life feels like you've been buried. <\/strong><br \/><strong>But what if you were actually planted\u2014so you could bloom?<\/strong><\/p><p>Disappointments, dead ends, breakups, loss, death, trauma \u2013 none of these are the end. For me, they were powerful catalysts for big, life-changing steps.<\/p>\t\t\t\t\t\t\t\t<\/div>\n\t\t\t\t<\/div>\n\t\t\t\t<div class=\"elementor-element elementor-element-ecd415d elementor-widget elementor-widget-spacer\" data-id=\"ecd415d\" data-element_type=\"widget\" data-e-type=\"widget\" data-widget_type=\"spacer.default\">\n\t\t\t\t<div class=\"elementor-widget-container\">\n\t\t\t\t\t\t\t<div class=\"elementor-spacer\">\n\t\t\t<div class=\"elementor-spacer-inner\"><\/div>\n\t\t<\/div>\n\t\t\t\t\t\t<\/div>\n\t\t\t\t<\/div>\n\t\t\t\t<\/div>\n\t\t\t\t\t<\/div>\n\t\t\t\t<\/div>\n\t\t<div class=\"elementor-element elementor-element-e60d5b0 e-flex e-con-boxed e-con e-parent\" data-id=\"e60d5b0\" data-element_type=\"container\" data-e-type=\"container\" data-settings=\"{&quot;background_background&quot;:&quot;classic&quot;}\">\n\t\t\t\t\t<div class=\"e-con-inner\">\n\t\t\t\t<div class=\"elementor-element elementor-element-6481850 elementor-widget elementor-widget-spacer\" data-id=\"6481850\" data-element_type=\"widget\" data-e-type=\"widget\" data-widget_type=\"spacer.default\">\n\t\t\t\t<div class=\"elementor-widget-container\">\n\t\t\t\t\t\t\t<div class=\"elementor-spacer\">\n\t\t\t<div class=\"elementor-spacer-inner\"><\/div>\n\t\t<\/div>\n\t\t\t\t\t\t<\/div>\n\t\t\t\t<\/div>\n\t\t\t\t<div class=\"elementor-element elementor-element-3e2998d elementor-widget elementor-widget-text-editor\" data-id=\"3e2998d\" data-element_type=\"widget\" data-e-type=\"widget\" data-widget_type=\"text-editor.default\">\n\t\t\t\t<div class=\"elementor-widget-container\">\n\t\t\t\t\t\t\t\t\t<h2><strong>Tarot as a key to another world<\/strong><\/h2><p>Tarot cards help us look deep inside and uncover answers to questions we often can't even put into words.<\/p><p>My first deck was a gift from my mother\u2014I wasn\u2019t even 14 at the time.<\/p><p>Since then, Tarot has been a constant companion. For a while, the cards were my last lifeline\u2014something I turned to when life felt too overwhelming.<\/p><p>Today, they are a powerful channel for communication with the universe and the souls around us.\nOne of my biggest inspirations in working with Tarot was a course I took with the wonderful <a href=\"https:\/\/ginaspriggs.guru\/\">Gina Spriggs<\/a>.<\/p>\t\t\t\t\t\t\t\t<\/div>\n\t\t\t\t<\/div>\n\t\t\t\t<div class=\"elementor-element elementor-element-dc0d65c elementor-widget elementor-widget-spacer\" data-id=\"dc0d65c\" data-element_type=\"widget\" data-e-type=\"widget\" data-widget_type=\"spacer.default\">\n\t\t\t\t<div class=\"elementor-widget-container\">\n\t\t\t\t\t\t\t<div class=\"elementor-spacer\">\n\t\t\t<div class=\"elementor-spacer-inner\"><\/div>\n\t\t<\/div>\n\t\t\t\t\t\t<\/div>\n\t\t\t\t<\/div>\n\t\t\t\t<div class=\"elementor-element elementor-element-fcbc25e elementor-widget elementor-widget-text-editor\" data-id=\"fcbc25e\" data-element_type=\"widget\" data-e-type=\"widget\" data-widget_type=\"text-editor.default\">\n\t\t\t\t<div class=\"elementor-widget-container\">\n\t\t\t\t\t\t\t\t\t<h2><strong>Yoga teacher training in Bali<\/strong><\/h2><p>\"Somehow I see you teaching yoga\u2014not in a studio, but in a garden.\"<\/p><p class=\"translation-block\">I heard that sentence from several different people within a short period of time. So I knew, there was something to it. Becoming a yoga teacher in Bali was a true game-changer in my life.\nThere, I discovered what YOGA really means\u2014not just the poses on the mat, but the true purpose of yoga: connection with the universe and the merging of the soul with the spiritual world. For me, yoga is a life philosophy that unites body, mind, and spirit.\nAs a medium, it\u2019s impossible for me not to be a yogini at the same time.<\/p>\t\t\t\t\t\t\t\t<\/div>\n\t\t\t\t<\/div>\n\t\t\t\t<div class=\"elementor-element elementor-element-f063441 elementor-widget elementor-widget-spacer\" data-id=\"f063441\" data-element_type=\"widget\" data-e-type=\"widget\" data-widget_type=\"spacer.default\">\n\t\t\t\t<div class=\"elementor-widget-container\">\n\t\t\t\t\t\t\t<div class=\"elementor-spacer\">\n\t\t\t<div class=\"elementor-spacer-inner\"><\/div>\n\t\t<\/div>\n\t\t\t\t\t\t<\/div>\n\t\t\t\t<\/div>\n\t\t\t\t<div class=\"elementor-element elementor-element-26c1e6d elementor-widget elementor-widget-text-editor\" data-id=\"26c1e6d\" data-element_type=\"widget\" data-e-type=\"widget\" data-widget_type=\"text-editor.default\">\n\t\t\t\t<div class=\"elementor-widget-container\">\n\t\t\t\t\t\t\t\t\t<h2 class=\"translation-block\">Mediumship training in England<\/h2><p>If you want to experience real-life Hogwarts, you have to go to England.<\/p><p>In a country deeply rooted in the spiritual world, my soul has always felt at home.<\/p><p>At the renowned Arthur Findlay College, I've trained over the course of several years through seminars and workshops with various mediums\u2014how to clearly and precisely receive messages from the spirit world and read the energy fields (auras) of others.<\/p><p class=\"translation-block\">I\u2019ve had the privilege of studying with incredible, internationally respected mediums.\nMost influential for me were the trainings with trance medium and Aussie-born  <a href=\"https:\/\/pennyhayward.co.uk\/\" target=\"_self\">Penny Hayward<\/a>, afterlife communication expert <a href=\"https:\/\/www.debrachalmers.com\/\" target=\"_self\">Debra Chalmers<\/a> (especially for children), and the one-of-a-kind <a href=\"https:\/\/kim-moore-cullen.co.uk\/index.html\" target=\"_self\">Kim Moore-Cullen<\/a>.<\/p>\t\t\t\t\t\t\t\t<\/div>\n\t\t\t\t<\/div>\n\t\t\t\t<div class=\"elementor-element elementor-element-1fce629 elementor-widget elementor-widget-spacer\" data-id=\"1fce629\" data-element_type=\"widget\" data-e-type=\"widget\" data-widget_type=\"spacer.default\">\n\t\t\t\t<div class=\"elementor-widget-container\">\n\t\t\t\t\t\t\t<div class=\"elementor-spacer\">\n\t\t\t<div class=\"elementor-spacer-inner\"><\/div>\n\t\t<\/div>\n\t\t\t\t\t\t<\/div>\n\t\t\t\t<\/div>\n\t\t\t\t<div class=\"elementor-element elementor-element-4ddfd4d elementor-widget elementor-widget-text-editor\" data-id=\"4ddfd4d\" data-element_type=\"widget\" data-e-type=\"widget\" data-widget_type=\"text-editor.default\">\n\t\t\t\t<div class=\"elementor-widget-container\">\n\t\t\t\t\t\t\t\t\t<h2><strong>Systemic coaching and spiritual life guidance<\/strong><\/h2><p>At one burnt-out low point in my career, I took two weeks off and booked a yoga retreat.\nMy mind cleared. My emotions settled. My body felt strong. I was completely ZEN.\nAnd then\u2014I returned to daily life. And in no time at all, everything fell away.<\/p><p>Training in systemic coaching gave me the tools to truly support people in navigating lasting transformation.\nWe can all be more in tune with our inner peace\u2014if we learn how to let it flow into every area of our lives.<\/p>\t\t\t\t\t\t\t\t<\/div>\n\t\t\t\t<\/div>\n\t\t\t\t<div class=\"elementor-element elementor-element-4b8818d elementor-widget elementor-widget-spacer\" data-id=\"4b8818d\" data-element_type=\"widget\" data-e-type=\"widget\" data-widget_type=\"spacer.default\">\n\t\t\t\t<div class=\"elementor-widget-container\">\n\t\t\t\t\t\t\t<div class=\"elementor-spacer\">\n\t\t\t<div class=\"elementor-spacer-inner\"><\/div>\n\t\t<\/div>\n\t\t\t\t\t\t<\/div>\n\t\t\t\t<\/div>\n\t\t\t\t\t<\/div>\n\t\t\t\t<\/div>\n\t\t<div class=\"elementor-element elementor-element-30786c5 e-flex e-con-boxed e-con e-parent\" data-id=\"30786c5\" data-element_type=\"container\" data-e-type=\"container\">\n\t\t\t\t\t<div class=\"e-con-inner\">\n\t\t\t\t<div class=\"elementor-element elementor-element-9f7b5ef elementor-widget elementor-widget-spacer\" data-id=\"9f7b5ef\" data-element_type=\"widget\" data-e-type=\"widget\" data-widget_type=\"spacer.default\">\n\t\t\t\t<div class=\"elementor-widget-container\">\n\t\t\t\t\t\t\t<div class=\"elementor-spacer\">\n\t\t\t<div class=\"elementor-spacer-inner\"><\/div>\n\t\t<\/div>\n\t\t\t\t\t\t<\/div>\n\t\t\t\t<\/div>\n\t\t\t\t<div class=\"elementor-element elementor-element-1910955 elementor-widget elementor-widget-heading\" data-id=\"1910955\" data-element_type=\"widget\" data-e-type=\"widget\" data-widget_type=\"heading.default\">\n\t\t\t\t<div class=\"elementor-widget-container\">\n\t\t\t\t\t<h2 class=\"elementor-heading-title elementor-size-default\">So, why all of this?<\/h2>\t\t\t\t<\/div>\n\t\t\t\t<\/div>\n\t\t\t\t<div class=\"elementor-element elementor-element-0b14bb2 elementor-drop-cap-yes elementor-drop-cap-view-default elementor-widget elementor-widget-text-editor\" data-id=\"0b14bb2\" data-element_type=\"widget\" data-e-type=\"widget\" data-settings=\"{&quot;drop_cap&quot;:&quot;yes&quot;}\" data-widget_type=\"text-editor.default\">\n\t\t\t\t<div class=\"elementor-widget-container\">\n\t\t\t\t\t\t\t\t\t<p>Because my mission is to empower you to find your own path.\nYour own, grounded spirituality is the key to a fulfilled life.\nWhen you act in alignment with your soul, see with your heart, and listen to the voice of your true self\u2014you can\u2019t go wrong.<\/p>\n<p>And I\u2019d love to help you open up that channel for yourself.<\/p>\t\t\t\t\t\t\t\t<\/div>\n\t\t\t\t<\/div>\n\t\t\t\t<div class=\"elementor-element elementor-element-a052484 elementor-widget elementor-widget-spacer\" data-id=\"a052484\" data-element_type=\"widget\" data-e-type=\"widget\" data-widget_type=\"spacer.default\">\n\t\t\t\t<div class=\"elementor-widget-container\">\n\t\t\t\t\t\t\t<div class=\"elementor-spacer\">\n\t\t\t<div class=\"elementor-spacer-inner\"><\/div>\n\t\t<\/div>\n\t\t\t\t\t\t<\/div>\n\t\t\t\t<\/div>\n\t\t\t\t<div class=\"elementor-element elementor-element-6276cfa elementor-cta--skin-cover elementor-animated-content elementor-bg-transform elementor-bg-transform-zoom-in elementor-widget elementor-widget-call-to-action\" data-id=\"6276cfa\" data-element_type=\"widget\" data-e-type=\"widget\" data-widget_type=\"call-to-action.default\">\n\t\t\t\t<div class=\"elementor-widget-container\">\n\t\t\t\t\t\t\t<div class=\"elementor-cta\">\n\t\t\t\t\t<div class=\"elementor-cta__bg-wrapper\">\n\t\t\t\t<div class=\"elementor-cta__bg elementor-bg\" style=\"background-image: url(https:\/\/sarahtabola.com\/wp-content\/uploads\/2025\/07\/tabola_coaching-channeling_medium_seaside-shells-1024x1024.jpg);\" role=\"img\" aria-label=\"Muscheln\"><\/div>\n\t\t\t\t<div class=\"elementor-cta__bg-overlay\"><\/div>\n\t\t\t<\/div>\n\t\t\t\t\t\t\t<div class=\"elementor-cta__content\">\n\t\t\t\t\n\t\t\t\t\t\t\t\t\t<h2 class=\"elementor-cta__title elementor-cta__content-item elementor-content-item elementor-animated-item--grow\">\n\t\t\t\t\t\tReady for your next step?\t\t\t\t\t<\/h2>\n\t\t\t\t\n\t\t\t\t\n\t\t\t\t\t\t\t\t\t<div class=\"elementor-cta__button-wrapper elementor-cta__content-item elementor-content-item elementor-animated-item--grow\">\n\t\t\t\t\t<a class=\"elementor-cta__button elementor-button elementor-size-\" href=\"https:\/\/sarahtabola.com\/en\/kontakt\/\">\n\t\t\t\t\t\tOh yes!\t\t\t\t\t<\/a>\n\t\t\t\t\t<\/div>\n\t\t\t\t\t\t\t<\/div>\n\t\t\t\t\t\t<\/div>\n\t\t\t\t\t\t<\/div>\n\t\t\t\t<\/div>\n\t\t\t\t\t<\/div>\n\t\t\t\t<\/div>\n\t\t<div class=\"elementor-element elementor-element-ebc04d8 e-flex e-con-boxed e-con e-parent\" data-id=\"ebc04d8\" data-element_type=\"container\" data-e-type=\"container\">\n\t\t\t\t\t<div class=\"e-con-inner\">\n\t\t\t\t<div class=\"elementor-element elementor-element-0e09952 elementor-align-right elementor-widget elementor-widget-button\" data-id=\"0e09952\" data-element_type=\"widget\" data-e-type=\"widget\" data-widget_type=\"button.default\">\n\t\t\t\t<div class=\"elementor-widget-container\">\n\t\t\t\t\t\t\t\t\t<div class=\"elementor-button-wrapper\">\n\t\t\t\t\t<a class=\"elementor-button elementor-button-link elementor-size-sm\" href=\"http:\/\/tabola.contact\/ueber\/#\u00fcber-mich-seitenanfang\">\n\t\t\t\t\t\t<span class=\"elementor-button-content-wrapper\">\n\t\t\t\t\t\t<span class=\"elementor-button-icon\">\n\t\t\t\t<svg aria-hidden=\"true\" class=\"e-font-icon-svg e-far-arrow-alt-circle-up\" viewbox=\"0 0 512 512\" xmlns=\"http:\/\/www.w3.org\/2000\/svg\"><path d=\"M256 504c137 0 248-111 248-248S393 8 256 8 8 119 8 256s111 248 248 248zm0-448c110.5 0 200 89.5 200 200s-89.5 200-200 200S56 366.5 56 256 145.5 56 256 56zm20 328h-40c-6.6 0-12-5.4-12-12V256h-67c-10.7 0-16-12.9-8.5-20.5l99-99c4.7-4.7 12.3-4.7 17 0l99 99c7.6 7.6 2.2 20.5-8.5 20.5h-67v116c0 6.6-5.4 12-12 12z\"><\/path><\/svg>\t\t\t<\/span>\n\t\t\t\t\t\t\t\t\t<span class=\"elementor-button-text\">back to top<\/span>\n\t\t\t\t\t<\/span>\n\t\t\t\t\t<\/a>\n\t\t\t\t<\/div>\n\t\t\t\t\t\t\t\t<\/div>\n\t\t\t\t<\/div>\n\t\t\t\t\t<\/div>\n\t\t\t\t<\/div>\n\t\t\t\t<\/div>","protected":false},"excerpt":{"rendered":"<p>Hallo liebe Seele! Am Ende geht es immer um Heilung. Darum, sich wieder GANZ zu f\u00fchlen. Ein gut gelebtes Leben ist eins, das dich St\u00fcck f\u00fcr St\u00fcck zur\u00fcckf\u00fchrt zu diesem Gef\u00fchl. Ein in sich ruhen. Ein ganz stilles, unaufgeregtes Gl\u00fcck. Erf\u00fcllt sein, von allem, was ist. Geborgen in sich selbst. Ich bin Sarah \u2013 Medium, [&hellip;]<\/p>\n","protected":false},"author":1,"featured_media":0,"parent":0,"menu_order":0,"comment_status":"closed","ping_status":"closed","template":"","meta":{"footnotes":""},"class_list":["post-34","page","type-page","status-publish","hentry"],"aioseo_notices":[],"_links":{"self":[{"href":"https:\/\/sarahtabola.com\/en\/wp-json\/wp\/v2\/pages\/34","targetHints":{"allow":["GET"]}}],"collection":[{"href":"https:\/\/sarahtabola.com\/en\/wp-json\/wp\/v2\/pages"}],"about":[{"href":"https:\/\/sarahtabola.com\/en\/wp-json\/wp\/v2\/types\/page"}],"author":[{"embeddable":true,"href":"https:\/\/sarahtabola.com\/en\/wp-json\/wp\/v2\/users\/1"}],"replies":[{"embeddable":true,"href":"https:\/\/sarahtabola.com\/en\/wp-json\/wp\/v2\/comments?post=34"}],"version-history":[{"count":215,"href":"https:\/\/sarahtabola.com\/en\/wp-json\/wp\/v2\/pages\/34\/revisions"}],"predecessor-version":[{"id":888,"href":"https:\/\/sarahtabola.com\/en\/wp-json\/wp\/v2\/pages\/34\/revisions\/888"}],"wp:attachment":[{"href":"https:\/\/sarahtabola.com\/en\/wp-json\/wp\/v2\/media?parent=34"}],"curies":[{"name":"wp","href":"https:\/\/api.w.org\/{rel}","templated":true}]}}